{"id":138,"date":"2013-11-18T07:58:33","date_gmt":"2013-11-18T07:58:33","guid":{"rendered":"http:\/\/www.targowekwspodnicy.pl\/?page_id=138"},"modified":"2013-11-18T07:58:33","modified_gmt":"2013-11-18T07:58:33","slug":"regulamin","status":"publish","type":"page","link":"https:\/\/targowekwspodnicy.pl\/?page_id=138","title":{"rendered":"Regulamin"},"content":{"rendered":"<p align=\"center\"><b>Regulamin stowarzyszenia ,,Targ\u00f3wek w sp\u00f3dnicy\u201d<\/b><\/p>\n<p>&nbsp;<\/p>\n<p>Stowarzyszenie nosi nazw\u0119 \u201eTarg\u00f3wek w sp\u00f3dnicy\u201d, w dalszych postanowieniach regulaminu zwane jest Stowarzyszeniem.<ins cite=\"mailto:ekto\" datetime=\"2013-11-11T10:23\"><\/ins><\/p>\n<p style=\"text-align: left;\" align=\"center\"><strong>Teren i siedziba.<\/strong><\/p>\n<p>1) Terenem dzia\u0142ania Stowarzyszenia jest obszar Polski.<\/p>\n<p>2) Siedzib\u0105 Stowarzyszenia jest miasto Warszawa<\/p>\n<p><strong style=\"font-size: 13px; line-height: 19px;\">Przedstawicielem Stowarzyszenia<\/strong><\/p>\n<p>Przedstawicielem Stowarzyszenia\u00a0 jest\u2026\u2026<\/p>\n<p>Przedstawiciel reprezentuje Stowarzyszenie na zewn\u0105trz.<\/p>\n<p>Stowarzyszenie jest zawi\u0105zane na czas nieokre\u015blony. Dzia\u0142a na podstawie niniejszego regulaminu oraz przepis\u00f3w ustawy z dnia 7 kwietnia 1989 r. \u2013 Prawo o stowarzyszeniach.<\/p>\n<p><strong>Zasady dzia\u0142ania.<\/strong><\/p>\n<p>1) Stowarzyszenie jest organizacj\u0105 non-profit.<\/p>\n<p>2) Dzia\u0142alno\u015b\u0107 Stowarzyszenia oparta jest przede wszystkim na pracy spo\u0142ecznej jej cz\u0142onk\u00f3w.<\/p>\n<p>3) Stowarzyszenie uzyskuje \u015brodki na swoj\u0105 dzia\u0142alno\u015b\u0107 wy\u0142\u0105cznie ze sk\u0142adek cz\u0142onkowskich.<ins cite=\"mailto:ekto\" datetime=\"2013-11-11T09:14\"><\/ins><\/p>\n<p><span style=\"font-size: 13px; line-height: 19px;\">\u00a0<\/span><\/p>\n<p style=\"text-align: left;\" align=\"center\"><strong>Cel Stowarzyszenia<\/strong><\/p>\n<p>Celem Stowarzyszenia jest dzia\u0142alno\u015b\u0107 na rzecz kobiet na Targ\u00f3wku.<\/p>\n<p>Stowarzyszenie realizuje sw\u00f3j cel poprzez:<\/p>\n<p>1) Organizowanie i udzia\u0142 w spotkaniach, prelekcjach, wystawach, koncertach, szkoleniach, warsztatach, zjazdach tematycznych, konferencjach, \u00a0oraz innych wydarzeniach o charakterze profilaktycznym, edukacyjnym, kulturalnym<del cite=\"mailto:ekto\" datetime=\"2013-11-11T10:15\">,<\/del><\/p>\n<p>2) \u00a0Aktywizacja kobiet w \u017cyciu publicznym i zawodowym,<\/p>\n<p>3) Promocja dzia\u0142a\u0144 aktywnych kobiet,<\/p>\n<p>4) Przeciwdzia\u0142anie wykluczeniu spo\u0142ecznemu i wyr\u00f3wnanie szans poprzez zwi\u0119kszenie zdolno\u015bci do zatrudnienia,<\/p>\n<p>5) Wsp\u00f3\u0142prac\u0119 z innymi \u00a0podmiotami,<ins cite=\"mailto:ekto\" datetime=\"2013-11-11T10:16\"><\/ins><\/p>\n<p>6) Organizacja i promocja wolontariatu,<\/p>\n<p>7) Prowadzenie dzia\u0142a\u0144 na rzecz integrowania lokalnej spo\u0142eczno\u015bci i podejmowanie dzia\u0142a\u0144 na rzecz mieszka\u0144c\u00f3w.<\/p>\n<p>8) Prowadzenie konsultacji spo\u0142ecznych z mieszka\u0144cami.<\/p>\n<p>9) Uczenie kobiet asertywno\u015bci, kreatywno\u015bci, osi\u0105gania cel\u00f3w i motywacji, godzenia \u017cycia zawodowego i rodzinnego, przyw\u00f3dztwa, zarz\u0105dzania czasem i finansami, poruszania si\u0119 po rynku pracy i dbania o swoje potrzeby<\/p>\n<p><ins cite=\"mailto:ekto\" datetime=\"2013-11-11T09:08\">\u00a0<\/ins><\/p>\n<p>&nbsp;<\/p>\n","protected":false},"excerpt":{"rendered":"<p>Regulamin stowarzyszenia ,,Targ\u00f3wek w sp\u00f3dnicy\u201d &nbsp; Stowarzyszenie nosi nazw\u0119 \u201eTarg\u00f3wek w sp\u00f3dnicy\u201d, w dalszych postanowieniach regulaminu zwane jest Stowarzyszeniem. Teren i siedziba. 1) Terenem dzia\u0142ania Stowarzyszenia jest obszar Polski. 2) Siedzib\u0105 Stowarzyszenia jest miasto Warszawa Przedstawicielem Stowarzyszenia Przedstawicielem Stowarzyszenia\u00a0 jest\u2026\u2026 Przedstawiciel reprezentuje Stowarzyszenie na zewn\u0105trz. Stowarzyszenie jest zawi\u0105zane na czas nieokre\u015blony. Dzia\u0142a na podstawie niniejszego [&hellip;]<\/p>\n","protected":false},"author":1,"featured_media":0,"parent":0,"menu_order":0,"comment_status":"open","ping_status":"open","template":"","meta":{"footnotes":""},"_links":{"self":[{"href":"https:\/\/targowekwspodnicy.pl\/index.php?rest_route=\/wp\/v2\/pages\/138"}],"collection":[{"href":"https:\/\/targowekwspodnicy.pl\/index.php?rest_route=\/wp\/v2\/pages"}],"about":[{"href":"https:\/\/targowekwspodnicy.pl\/index.php?rest_route=\/wp\/v2\/types\/page"}],"author":[{"embeddable":true,"href":"https:\/\/targowekwspodnicy.pl\/index.php?rest_route=\/wp\/v2\/users\/1"}],"replies":[{"embeddable":true,"href":"https:\/\/targowekwspodnicy.pl\/index.php?rest_route=%2Fwp%2Fv2%2Fcomments&post=138"}],"version-history":[{"count":0,"href":"https:\/\/targowekwspodnicy.pl\/index.php?rest_route=\/wp\/v2\/pages\/138\/revisions"}],"wp:attachment":[{"href":"https:\/\/targowekwspodnicy.pl\/index.php?rest_route=%2Fwp%2Fv2%2Fmedia&parent=138"}],"curies":[{"name":"wp","href":"https:\/\/api.w.org\/{rel}","templated":true}]}}