{"id":233,"date":"2013-11-24T19:13:37","date_gmt":"2013-11-24T19:13:37","guid":{"rendered":"http:\/\/www.targowekwspodnicy.pl\/?page_id=233"},"modified":"2018-07-17T16:53:23","modified_gmt":"2018-07-17T14:53:23","slug":"joanna-mroczek","status":"publish","type":"page","link":"https:\/\/targowekwspodnicy.pl\/?page_id=233","title":{"rendered":"Joanna Mroczek"},"content":{"rendered":"<p style=\"text-align: justify;\"><span style=\"font-size: 13px; line-height: 19px;\"><img decoding=\"async\" class=\"wp-image-2807 size-medium alignleft\" src=\"https:\/\/targowekwspodnicy.pl\/wp-content\/uploads\/2013\/11\/Joanna_Mroczek-1-236x300.jpg\" alt=\"\" width=\"236\" height=\"300\" srcset=\"https:\/\/targowekwspodnicy.pl\/wp-content\/uploads\/2013\/11\/Joanna_Mroczek-1-236x300.jpg 236w, https:\/\/targowekwspodnicy.pl\/wp-content\/uploads\/2013\/11\/Joanna_Mroczek-1.jpg 393w\" sizes=\"(max-width: 236px) 100vw, 236px\" \/>Od urodzenia zwi\u0105zana z Br\u00f3dnem. Swoj\u0105 wiedz\u0119 politologiczn\u0105 zdobywa\u0142a na Uniwersytecie Warszawskim, przy Polskiej Akademii Nauk oraz na Uniwersytecie w Tartu w Estonii. Dzi\u0119ki zaufaniu mieszka\u0144c\u00f3w zosta\u0142a Radn\u0105 Dzielnicy Targ\u00f3wek w latach 2006-2010, pe\u0142ni\u0105c funkcj\u0119 Przewodnicz\u0105cej Komisji Bud\u017cetu i Finans\u00f3w oraz Wiceprzewodnicz\u0105c\u0105 Rady Dzielnicy Targ\u00f3wek VI i VII kadencji. Aktywnie anga\u017cuje si\u0119 w dzia\u0142alno\u015b\u0107 spo\u0142eczn\u0105 i jest inicjatork\u0105 wielu akcji na terenie Dzielnicy, m.in.: Wielkanocnego spotkania dla 400 dzieci i m\u0142odzie\u017cy Targ\u00f3wka, \u00a0kt\u00f3re organizowane jest od 12 lat. Wsp\u00f3\u0142pracuje z seniorami z Targ\u00f3wka i wspiera zaanga\u017cowane organizacje pozarz\u0105dowe. Jako Radna pomog\u0142a rozwi\u0105za\u0107 wiele indywidualnych spraw mieszka\u0144c\u00f3w Targ\u00f3wka. Szczeg\u00f3lnie bliskie s\u0105 jej kwestie dotycz\u0105ce aktywizacji kobiet w \u017cyciu publicznym i zawodowym oraz przeciwdzia\u0142anie wykluczeniu spo\u0142ecznemu. Jest cz\u0142onkiem Klubu Przyjaci\u00f3\u0142 SOS Wiosek Dzieci\u0119cych, kt\u00f3ry opiekuje si\u0119 dzie\u0107mi opuszczonymi, osieroconymi oraz z rodzin dysfunkcjonalnych. Jest to najwi\u0119ksza na \u015bwiecie organizacja charytatywna, kt\u00f3ra dzia\u0142a w 132 krajach. Prywatnie szcz\u0119\u015bliwa mama i \u017cona.\u00a0[kontakt:<a href=\"mailto:info@targowekwspodnicy.pl\" target=\"_blank\" rel=\"noopener\"><strong> info<\/strong><\/a><\/span><a href=\"mailto:info@targowekwspodnicy.pl\" target=\"_blank\" rel=\"noopener\"><strong style=\"font-size: 13px; line-height: 19px;\">@targowekwspodnicy.pl<\/strong><\/a><span style=\"font-size: 13px; line-height: 19px;\">]<\/span><\/p>\n","protected":false},"excerpt":{"rendered":"<p>Od urodzenia zwi\u0105zana z Br\u00f3dnem. Swoj\u0105 wiedz\u0119 politologiczn\u0105 zdobywa\u0142a na Uniwersytecie Warszawskim, przy Polskiej Akademii Nauk oraz na Uniwersytecie w Tartu w Estonii. Dzi\u0119ki zaufaniu mieszka\u0144c\u00f3w zosta\u0142a Radn\u0105 Dzielnicy Targ\u00f3wek w latach 2006-2010, pe\u0142ni\u0105c funkcj\u0119 Przewodnicz\u0105cej Komisji Bud\u017cetu i Finans\u00f3w oraz Wiceprzewodnicz\u0105c\u0105 Rady Dzielnicy Targ\u00f3wek VI i VII kadencji. Aktywnie anga\u017cuje si\u0119 w dzia\u0142alno\u015b\u0107 spo\u0142eczn\u0105 [&hellip;]<\/p>\n","protected":false},"author":1,"featured_media":0,"parent":0,"menu_order":0,"comment_status":"closed","ping_status":"closed","template":"","meta":{"footnotes":""},"_links":{"self":[{"href":"https:\/\/targowekwspodnicy.pl\/index.php?rest_route=\/wp\/v2\/pages\/233"}],"collection":[{"href":"https:\/\/targowekwspodnicy.pl\/index.php?rest_route=\/wp\/v2\/pages"}],"about":[{"href":"https:\/\/targowekwspodnicy.pl\/index.php?rest_route=\/wp\/v2\/types\/page"}],"author":[{"embeddable":true,"href":"https:\/\/targowekwspodnicy.pl\/index.php?rest_route=\/wp\/v2\/users\/1"}],"replies":[{"embeddable":true,"href":"https:\/\/targowekwspodnicy.pl\/index.php?rest_route=%2Fwp%2Fv2%2Fcomments&post=233"}],"version-history":[{"count":0,"href":"https:\/\/targowekwspodnicy.pl\/index.php?rest_route=\/wp\/v2\/pages\/233\/revisions"}],"wp:attachment":[{"href":"https:\/\/targowekwspodnicy.pl\/index.php?rest_route=%2Fwp%2Fv2%2Fmedia&parent=233"}],"curies":[{"name":"wp","href":"https:\/\/api.w.org\/{rel}","templated":true}]}}