{"id":398,"date":"2013-11-06T18:03:34","date_gmt":"2013-11-06T18:03:34","guid":{"rendered":"http:\/\/www.targowekwspodnicy.pl\/?page_id=6"},"modified":"2018-07-23T23:22:42","modified_gmt":"2018-07-23T21:22:42","slug":"o-nas","status":"publish","type":"page","link":"https:\/\/targowekwspodnicy.pl\/?page_id=398","title":{"rendered":"O nas"},"content":{"rendered":"<p style=\"text-align: justify;\">Targ\u00f3wek w sp\u00f3dnicy to projekt dla wszystkich kobiet z Targ\u00f3wka, kt\u00f3ry zrodzi\u0142 si\u0119 z inicjatywy trzech aktywnych mieszkanek tej dzielnicy oraz z ich inspiracji codziennym \u017cyciem. Tworz\u0105c Targ\u00f3wek w sp\u00f3dnicy <strong>Katarzyna G\u00f3rska-Manczenko, Joanna Mroczek i Iwona Wujastyk<\/strong> chcia\u0142yby zintensyfikowa\u0107 dzia\u0142ania kobiet na Targ\u00f3wku, zintegrowa\u0107 kobiece \u015brodowiska, wp\u0142yn\u0105\u0107 na popraw\u0119 samooceny kobiet, zwr\u00f3ci\u0107 uwag\u0119 na role kobiety w \u017cyciu i wymienia\u0107 si\u0119 do\u015bwiadczeniami.<\/p>\n<div id=\"attachment_2812\" style=\"width: 246px\" class=\"wp-caption alignleft\"><a href=\"https:\/\/targowekwspodnicy.pl\/?page_id=225\"><img aria-describedby=\"caption-attachment-2812\" decoding=\"async\" class=\"wp-image-2812 size-medium\" title=\"Katarzyna G\u00f3rska- Manczenko\u00a0\" src=\"https:\/\/targowekwspodnicy.pl\/wp-content\/uploads\/2013\/11\/Katarzyna_Manczenko-236x300.jpg\" alt=\"Katarzyna G\u00f3rska- Manczenko\u00a0\" width=\"236\" height=\"300\" srcset=\"https:\/\/targowekwspodnicy.pl\/wp-content\/uploads\/2013\/11\/Katarzyna_Manczenko-236x300.jpg 236w, https:\/\/targowekwspodnicy.pl\/wp-content\/uploads\/2013\/11\/Katarzyna_Manczenko.jpg 393w\" sizes=\"(max-width: 236px) 100vw, 236px\" \/><\/a><p id=\"caption-attachment-2812\" class=\"wp-caption-text\">Katarzyna G\u00f3rska- Manczenko<\/p><\/div>\n<div id=\"attachment_2807\" style=\"width: 246px\" class=\"wp-caption alignleft\"><a href=\"https:\/\/targowekwspodnicy.pl\/?page_id=233\"><img aria-describedby=\"caption-attachment-2807\" decoding=\"async\" class=\"wp-image-2807 size-medium\" title=\"Joanna Mroczek\" src=\"https:\/\/targowekwspodnicy.pl\/wp-content\/uploads\/2013\/11\/Joanna_Mroczek-1-236x300.jpg\" alt=\"\" width=\"236\" height=\"300\" srcset=\"https:\/\/targowekwspodnicy.pl\/wp-content\/uploads\/2013\/11\/Joanna_Mroczek-1-236x300.jpg 236w, https:\/\/targowekwspodnicy.pl\/wp-content\/uploads\/2013\/11\/Joanna_Mroczek-1.jpg 393w\" sizes=\"(max-width: 236px) 100vw, 236px\" \/><\/a><p id=\"caption-attachment-2807\" class=\"wp-caption-text\">Joanna Mroczek<\/p><\/div>\n<div style=\"width: 246px\" class=\"wp-caption alignleft\"><a href=\"https:\/\/targowekwspodnicy.pl\/?page_id=236\"><img decoding=\"async\" class=\"wp-image-2816 size-medium\" title=\"Iwona Wujastyk\" src=\"https:\/\/targowekwspodnicy.pl\/wp-content\/uploads\/2013\/11\/Iwona_Wujastyk-236x300.jpg\" alt=\"Iwona Wujastyk\" width=\"236\" height=\"300\" srcset=\"https:\/\/targowekwspodnicy.pl\/wp-content\/uploads\/2013\/11\/Iwona_Wujastyk-236x300.jpg 236w, https:\/\/targowekwspodnicy.pl\/wp-content\/uploads\/2013\/11\/Iwona_Wujastyk.jpg 393w\" sizes=\"(max-width: 236px) 100vw, 236px\" \/><\/a><p class=\"wp-caption-text\">Iwona Wujastyk<\/p><\/div>\n<div id=\"attachment_1522\" style=\"width: 787px\" class=\"wp-caption alignnone\"><a href=\"https:\/\/targowekwspodnicy.pl\/wp-content\/uploads\/2013\/11\/projekty-tarogowek-w-spodnicy.jpg\" data-rel=\"lightbox-gallery-NiqU6EzD\" data-rl_title=\"\" data-rl_caption=\"\" title=\"\"><img aria-describedby=\"caption-attachment-1522\" decoding=\"async\" class=\"wp-image-1522\" src=\"https:\/\/targowekwspodnicy.pl\/wp-content\/uploads\/2013\/11\/projekty-tarogowek-w-spodnicy-1024x700.jpg\" alt=\"Targ\u00f3wek w sp\u00f3dnicy\" width=\"777\" height=\"531\" srcset=\"https:\/\/targowekwspodnicy.pl\/wp-content\/uploads\/2013\/11\/projekty-tarogowek-w-spodnicy-1024x700.jpg 1024w, https:\/\/targowekwspodnicy.pl\/wp-content\/uploads\/2013\/11\/projekty-tarogowek-w-spodnicy-300x205.jpg 300w, https:\/\/targowekwspodnicy.pl\/wp-content\/uploads\/2013\/11\/projekty-tarogowek-w-spodnicy.jpg 1364w\" sizes=\"(max-width: 777px) 100vw, 777px\" \/><\/a><p id=\"caption-attachment-1522\" class=\"wp-caption-text\">Targ\u00f3wek w sp\u00f3dnicy<\/p><\/div>\n","protected":false},"excerpt":{"rendered":"<p>Targ\u00f3wek w sp\u00f3dnicy to projekt dla wszystkich kobiet z Targ\u00f3wka, kt\u00f3ry zrodzi\u0142 si\u0119 z inicjatywy trzech aktywnych mieszkanek tej dzielnicy oraz z ich inspiracji codziennym \u017cyciem. Tworz\u0105c Targ\u00f3wek w sp\u00f3dnicy Katarzyna G\u00f3rska-Manczenko, Joanna Mroczek i Iwona Wujastyk chcia\u0142yby zintensyfikowa\u0107 dzia\u0142ania kobiet na Targ\u00f3wku, zintegrowa\u0107 kobiece \u015brodowiska, wp\u0142yn\u0105\u0107 na popraw\u0119 samooceny kobiet, zwr\u00f3ci\u0107 uwag\u0119 na role [&hellip;]<\/p>\n","protected":false},"author":1,"featured_media":164,"parent":0,"menu_order":0,"comment_status":"open","ping_status":"open","template":"","meta":{"footnotes":""},"_links":{"self":[{"href":"https:\/\/targowekwspodnicy.pl\/index.php?rest_route=\/wp\/v2\/pages\/398"}],"collection":[{"href":"https:\/\/targowekwspodnicy.pl\/index.php?rest_route=\/wp\/v2\/pages"}],"about":[{"href":"https:\/\/targowekwspodnicy.pl\/index.php?rest_route=\/wp\/v2\/types\/page"}],"author":[{"embeddable":true,"href":"https:\/\/targowekwspodnicy.pl\/index.php?rest_route=\/wp\/v2\/users\/1"}],"replies":[{"embeddable":true,"href":"https:\/\/targowekwspodnicy.pl\/index.php?rest_route=%2Fwp%2Fv2%2Fcomments&post=398"}],"version-history":[{"count":0,"href":"https:\/\/targowekwspodnicy.pl\/index.php?rest_route=\/wp\/v2\/pages\/398\/revisions"}],"wp:featuredmedia":[{"embeddable":true,"href":"https:\/\/targowekwspodnicy.pl\/index.php?rest_route=\/wp\/v2\/media\/164"}],"wp:attachment":[{"href":"https:\/\/targowekwspodnicy.pl\/index.php?rest_route=%2Fwp%2Fv2%2Fmedia&parent=398"}],"curies":[{"name":"wp","href":"https:\/\/api.w.org\/{rel}","templated":true}]}}