{"id":574,"date":"2014-08-24T13:56:40","date_gmt":"2014-08-24T13:56:40","guid":{"rendered":"http:\/\/www.targowekwspodnicy.pl\/?page_id=574"},"modified":"2014-08-24T13:56:40","modified_gmt":"2014-08-24T13:56:40","slug":"joga-w-parku-brodnowskim","status":"publish","type":"page","link":"https:\/\/targowekwspodnicy.pl\/?page_id=574","title":{"rendered":"Joga w Parku Br\u00f3dnowskim"},"content":{"rendered":"<p><img decoding=\"async\" class=\" wp-image-581 alignleft\" alt=\"joga w parku3\" src=\"http:\/\/www.targowekwspodnicy.pl\/wp-content\/uploads\/2014\/08\/joga-w-parku31.jpg\" width=\"300\" height=\"426\" \/><\/p>\n<p style=\"text-align: justify;\"><b>Joga w Parku Br\u00f3dnowskim<\/b><\/p>\n<p style=\"text-align: justify;\"><b>Fenomen jogi polega na tym, \u017ce ka\u017cdy bez wzgl\u0119du na wiek i kondycj\u0119 fizyczn\u0105 mo\u017ce j\u0105 praktykowa\u0107.<\/b> <b>Stowarzyszenie \u201eTarg\u00f3wek w sp\u00f3dnicy\u201d oraz Akademia Terapii Ruchem \u201eZacisze Jogi\u201d\u00a0 przez ca\u0142e wakacje zapraszaj\u0105 na bezp\u0142atne zaj\u0119cia jogi w ka\u017cd\u0105 sobot\u0119 o godz. 11:00 w Parku Br\u00f3dnowskim.<\/b><\/p>\n<p style=\"text-align: justify;\">Joga to jedna z najstarszych form \u0107wicze\u0144 fizycznych. Znana od tysi\u0119cy lat w Indiach, w ostatnim czasie sta\u0142a si\u0119 r\u00f3wnie\u017c bardzo popularna w Polsce. Wykonuj\u0105c asany wp\u0142ywamy na popraw\u0119 kondycji ca\u0142ego organizmu. Zwi\u0119kszamy nasz\u0105 elastyczno\u015b\u0107 i si\u0142\u0119, a wykonuj\u0105c \u0107wiczenia i spokojnie oddychaj\u0105c oddzia\u0142ujemy tak\u017ce na nasz\u0105 wewn\u0119trzn\u0105 r\u00f3wnowag\u0119.<\/p>\n<p style=\"text-align: justify;\">Zaj\u0119cia jogi w Parku Br\u00f3dnowskim prowadzi Gra\u017cyna Mas\u0142owska \u2013 wszechstronna instruktorka. W swojej pracy najwi\u0119kszy nacisk k\u0142adzie na prawid\u0142ow\u0105 technik\u0119 wykonywania \u0107wicze\u0144, co przek\u0142ada si\u0119 na wi\u0119ksz\u0105 ich skuteczno\u015b\u0107. Precyzyjnie dopasowuje \u0107wiczenia do aktualnych predyspozycji, sprawno\u015bci i wieku podopiecznych, dzi\u0119ki czemu uczestniczki jogi w Parku Br\u00f3dnowskim czuj\u0105 si\u0119 komfortowo i nie tylko ucz\u0119szczaj\u0105 na zaj\u0119cia regularnie, ale tak\u017ce przyprowadzaj\u0105 przyjaci\u00f3\u0142 i rodzin\u0119.<\/p>\n<p style=\"text-align: justify;\">&#8211;<\/p>\n<p>&nbsp;<\/p>\n<p>&nbsp;<\/p>\n<p>&nbsp;<\/p>\n\n\t\t<style type=\"text\/css\">\n\t\t\t#gallery-1 {\n\t\t\t\tmargin: auto;\n\t\t\t}\n\t\t\t#gallery-1 .gallery-item {\n\t\t\t\tfloat: left;\n\t\t\t\tmargin-top: 10px;\n\t\t\t\ttext-align: center;\n\t\t\t\twidth: 20%;\n\t\t\t}\n\t\t\t#gallery-1 img {\n\t\t\t\tborder: 2px solid #cfcfcf;\n\t\t\t}\n\t\t\t#gallery-1 .gallery-caption {\n\t\t\t\tmargin-left: 0;\n\t\t\t}\n\t\t\t\/* see gallery_shortcode() in wp-includes\/media.php *\/\n\t\t<\/style>\n\t\t<div id='gallery-1' class='gallery galleryid-574 gallery-columns-5 gallery-size-thumbnail'><dl class='gallery-item'>\n\t\t\t<dt class='gallery-icon landscape'>\n\t\t\t\t<a href='https:\/\/targowekwspodnicy.pl\/wp-content\/uploads\/2014\/08\/60646_275521585966834_6649128092876365014_n11.jpg' title=\"\" data-rl_title=\"\" class=\"rl-gallery-link\" data-rl_caption=\"\" data-rel=\"lightbox-gallery-1\"><img width=\"150\" height=\"150\" src=\"https:\/\/targowekwspodnicy.pl\/wp-content\/uploads\/2014\/08\/60646_275521585966834_6649128092876365014_n11-150x150.jpg\" class=\"attachment-thumbnail size-thumbnail\" alt=\"\" decoding=\"async\" aria-describedby=\"gallery-1-633\" \/><\/a>\n\t\t\t<\/dt>\n\t\t\t\t<dd class='wp-caption-text gallery-caption' id='gallery-1-633'>\n\t\t\t\tJoga w Parku Br\u00f3dnowskim\n\t\t\t\t<\/dd><\/dl><dl class='gallery-item'>\n\t\t\t<dt class='gallery-icon portrait'>\n\t\t\t\t<a href='https:\/\/targowekwspodnicy.pl\/wp-content\/uploads\/2014\/08\/1554550_278402065678786_8531963033659607783_n11.jpg' title=\"\" data-rl_title=\"\" class=\"rl-gallery-link\" data-rl_caption=\"\" data-rel=\"lightbox-gallery-1\"><img width=\"150\" height=\"150\" src=\"https:\/\/targowekwspodnicy.pl\/wp-content\/uploads\/2014\/08\/1554550_278402065678786_8531963033659607783_n11-150x150.jpg\" class=\"attachment-thumbnail size-thumbnail\" alt=\"\" decoding=\"async\" aria-describedby=\"gallery-1-634\" \/><\/a>\n\t\t\t<\/dt>\n\t\t\t\t<dd class='wp-caption-text gallery-caption' id='gallery-1-634'>\n\t\t\t\tJoga w Parku Br\u00f3dnowskim\n\t\t\t\t<\/dd><\/dl><dl class='gallery-item'>\n\t\t\t<dt class='gallery-icon landscape'>\n\t\t\t\t<a href='https:\/\/targowekwspodnicy.pl\/wp-content\/uploads\/2014\/08\/1798741_273430739509252_8686471681310642476_n11.jpg' title=\"\" data-rl_title=\"\" class=\"rl-gallery-link\" data-rl_caption=\"\" data-rel=\"lightbox-gallery-1\"><img width=\"150\" height=\"150\" src=\"https:\/\/targowekwspodnicy.pl\/wp-content\/uploads\/2014\/08\/1798741_273430739509252_8686471681310642476_n11-150x150.jpg\" class=\"attachment-thumbnail size-thumbnail\" alt=\"\" decoding=\"async\" aria-describedby=\"gallery-1-635\" \/><\/a>\n\t\t\t<\/dt>\n\t\t\t\t<dd class='wp-caption-text gallery-caption' id='gallery-1-635'>\n\t\t\t\tJoga w Parku Br\u00f3dnowskim\n\t\t\t\t<\/dd><\/dl><dl class='gallery-item'>\n\t\t\t<dt class='gallery-icon portrait'>\n\t\t\t\t<a href='https:\/\/targowekwspodnicy.pl\/wp-content\/uploads\/2014\/08\/1798741_273430742842585_4763208313801028435_n11.jpg' title=\"\" data-rl_title=\"\" class=\"rl-gallery-link\" data-rl_caption=\"\" data-rel=\"lightbox-gallery-1\"><img width=\"150\" height=\"150\" src=\"https:\/\/targowekwspodnicy.pl\/wp-content\/uploads\/2014\/08\/1798741_273430742842585_4763208313801028435_n11-150x150.jpg\" class=\"attachment-thumbnail size-thumbnail\" alt=\"\" decoding=\"async\" aria-describedby=\"gallery-1-636\" \/><\/a>\n\t\t\t<\/dt>\n\t\t\t\t<dd class='wp-caption-text gallery-caption' id='gallery-1-636'>\n\t\t\t\tJoga w Parku Br\u00f3dnowskim\n\t\t\t\t<\/dd><\/dl><dl class='gallery-item'>\n\t\t\t<dt class='gallery-icon portrait'>\n\t\t\t\t<a href='https:\/\/targowekwspodnicy.pl\/wp-content\/uploads\/2014\/08\/1798741_273430746175918_7040568521184606708_n11.jpg' title=\"\" data-rl_title=\"\" class=\"rl-gallery-link\" data-rl_caption=\"\" data-rel=\"lightbox-gallery-1\"><img width=\"150\" height=\"150\" src=\"https:\/\/targowekwspodnicy.pl\/wp-content\/uploads\/2014\/08\/1798741_273430746175918_7040568521184606708_n11-150x150.jpg\" class=\"attachment-thumbnail size-thumbnail\" alt=\"\" decoding=\"async\" aria-describedby=\"gallery-1-637\" \/><\/a>\n\t\t\t<\/dt>\n\t\t\t\t<dd class='wp-caption-text gallery-caption' id='gallery-1-637'>\n\t\t\t\tJoga w Parku Br\u00f3dnowskim\n\t\t\t\t<\/dd><\/dl><br style=\"clear: both\" \/><dl class='gallery-item'>\n\t\t\t<dt class='gallery-icon landscape'>\n\t\t\t\t<a href='https:\/\/targowekwspodnicy.pl\/wp-content\/uploads\/2014\/08\/1798741_273430749509251_7863759203341402715_n11.jpg' title=\"\" data-rl_title=\"\" class=\"rl-gallery-link\" data-rl_caption=\"\" data-rel=\"lightbox-gallery-1\"><img width=\"150\" height=\"150\" src=\"https:\/\/targowekwspodnicy.pl\/wp-content\/uploads\/2014\/08\/1798741_273430749509251_7863759203341402715_n11-150x150.jpg\" class=\"attachment-thumbnail size-thumbnail\" alt=\"\" decoding=\"async\" aria-describedby=\"gallery-1-638\" \/><\/a>\n\t\t\t<\/dt>\n\t\t\t\t<dd class='wp-caption-text gallery-caption' id='gallery-1-638'>\n\t\t\t\tJoga w Parku Br\u00f3dnowskim\n\t\t\t\t<\/dd><\/dl><dl class='gallery-item'>\n\t\t\t<dt class='gallery-icon landscape'>\n\t\t\t\t<a href='https:\/\/targowekwspodnicy.pl\/wp-content\/uploads\/2014\/08\/10382823_278401682345491_6273533311833461315_n11.jpg' title=\"\" data-rl_title=\"\" class=\"rl-gallery-link\" data-rl_caption=\"\" data-rel=\"lightbox-gallery-1\"><img width=\"150\" height=\"150\" src=\"https:\/\/targowekwspodnicy.pl\/wp-content\/uploads\/2014\/08\/10382823_278401682345491_6273533311833461315_n11-150x150.jpg\" class=\"attachment-thumbnail size-thumbnail\" alt=\"\" decoding=\"async\" aria-describedby=\"gallery-1-639\" \/><\/a>\n\t\t\t<\/dt>\n\t\t\t\t<dd class='wp-caption-text gallery-caption' id='gallery-1-639'>\n\t\t\t\tJoga w Parku Br\u00f3dnowskim\n\t\t\t\t<\/dd><\/dl><dl class='gallery-item'>\n\t\t\t<dt class='gallery-icon landscape'>\n\t\t\t\t<a href='https:\/\/targowekwspodnicy.pl\/wp-content\/uploads\/2014\/08\/10405360_284086698443656_8059876557803055149_n11.jpg' title=\"\" data-rl_title=\"\" class=\"rl-gallery-link\" data-rl_caption=\"\" data-rel=\"lightbox-gallery-1\"><img width=\"150\" height=\"150\" src=\"https:\/\/targowekwspodnicy.pl\/wp-content\/uploads\/2014\/08\/10405360_284086698443656_8059876557803055149_n11-150x150.jpg\" class=\"attachment-thumbnail size-thumbnail\" alt=\"\" decoding=\"async\" aria-describedby=\"gallery-1-640\" \/><\/a>\n\t\t\t<\/dt>\n\t\t\t\t<dd class='wp-caption-text gallery-caption' id='gallery-1-640'>\n\t\t\t\tJoga w Parku Br\u00f3dnowskim\n\t\t\t\t<\/dd><\/dl><dl class='gallery-item'>\n\t\t\t<dt class='gallery-icon landscape'>\n\t\t\t\t<a href='https:\/\/targowekwspodnicy.pl\/wp-content\/uploads\/2014\/08\/10414479_272134692972190_1368116026548483204_n11.jpg' title=\"\" data-rl_title=\"\" class=\"rl-gallery-link\" data-rl_caption=\"\" data-rel=\"lightbox-gallery-1\"><img width=\"150\" height=\"150\" src=\"https:\/\/targowekwspodnicy.pl\/wp-content\/uploads\/2014\/08\/10414479_272134692972190_1368116026548483204_n11-150x150.jpg\" class=\"attachment-thumbnail size-thumbnail\" alt=\"\" decoding=\"async\" aria-describedby=\"gallery-1-641\" \/><\/a>\n\t\t\t<\/dt>\n\t\t\t\t<dd class='wp-caption-text gallery-caption' id='gallery-1-641'>\n\t\t\t\tJoga w Parku Br\u00f3dnowskim\n\t\t\t\t<\/dd><\/dl><dl class='gallery-item'>\n\t\t\t<dt class='gallery-icon landscape'>\n\t\t\t\t<a href='https:\/\/targowekwspodnicy.pl\/wp-content\/uploads\/2014\/08\/10420311_272134786305514_2324243770593221341_n11.jpg' title=\"\" data-rl_title=\"\" class=\"rl-gallery-link\" data-rl_caption=\"\" data-rel=\"lightbox-gallery-1\"><img width=\"150\" height=\"150\" src=\"https:\/\/targowekwspodnicy.pl\/wp-content\/uploads\/2014\/08\/10420311_272134786305514_2324243770593221341_n11-150x150.jpg\" class=\"attachment-thumbnail size-thumbnail\" alt=\"\" decoding=\"async\" aria-describedby=\"gallery-1-642\" \/><\/a>\n\t\t\t<\/dt>\n\t\t\t\t<dd class='wp-caption-text gallery-caption' id='gallery-1-642'>\n\t\t\t\tJoga w Parku Br\u00f3dnowskim\n\t\t\t\t<\/dd><\/dl><br style=\"clear: both\" \/><dl class='gallery-item'>\n\t\t\t<dt class='gallery-icon landscape'>\n\t\t\t\t<a href='https:\/\/targowekwspodnicy.pl\/wp-content\/uploads\/2014\/08\/10423292_272134752972184_1517538279465125045_n11.jpg' title=\"\" data-rl_title=\"\" class=\"rl-gallery-link\" data-rl_caption=\"\" data-rel=\"lightbox-gallery-1\"><img width=\"150\" height=\"150\" src=\"https:\/\/targowekwspodnicy.pl\/wp-content\/uploads\/2014\/08\/10423292_272134752972184_1517538279465125045_n11-150x150.jpg\" class=\"attachment-thumbnail size-thumbnail\" alt=\"\" decoding=\"async\" aria-describedby=\"gallery-1-643\" \/><\/a>\n\t\t\t<\/dt>\n\t\t\t\t<dd class='wp-caption-text gallery-caption' id='gallery-1-643'>\n\t\t\t\tJoga w Parku Br\u00f3dnowskim\n\t\t\t\t<\/dd><\/dl><dl class='gallery-item'>\n\t\t\t<dt class='gallery-icon landscape'>\n\t\t\t\t<a href='https:\/\/targowekwspodnicy.pl\/wp-content\/uploads\/2014\/08\/10440731_284086438443682_1561679716167250432_n11.jpg' title=\"\" data-rl_title=\"\" class=\"rl-gallery-link\" data-rl_caption=\"\" data-rel=\"lightbox-gallery-1\"><img width=\"150\" height=\"150\" src=\"https:\/\/targowekwspodnicy.pl\/wp-content\/uploads\/2014\/08\/10440731_284086438443682_1561679716167250432_n11-150x150.jpg\" class=\"attachment-thumbnail size-thumbnail\" alt=\"\" decoding=\"async\" aria-describedby=\"gallery-1-644\" \/><\/a>\n\t\t\t<\/dt>\n\t\t\t\t<dd class='wp-caption-text gallery-caption' id='gallery-1-644'>\n\t\t\t\tJoga w Parku Br\u00f3dnowskim\n\t\t\t\t<\/dd><\/dl><dl class='gallery-item'>\n\t\t\t<dt class='gallery-icon landscape'>\n\t\t\t\t<a href='https:\/\/targowekwspodnicy.pl\/wp-content\/uploads\/2014\/08\/10440973_278401465678846_6530298425088890479_n11.jpg' title=\"\" data-rl_title=\"\" class=\"rl-gallery-link\" data-rl_caption=\"\" data-rel=\"lightbox-gallery-1\"><img width=\"150\" height=\"150\" src=\"https:\/\/targowekwspodnicy.pl\/wp-content\/uploads\/2014\/08\/10440973_278401465678846_6530298425088890479_n11-150x150.jpg\" class=\"attachment-thumbnail size-thumbnail\" alt=\"\" decoding=\"async\" aria-describedby=\"gallery-1-645\" \/><\/a>\n\t\t\t<\/dt>\n\t\t\t\t<dd class='wp-caption-text gallery-caption' id='gallery-1-645'>\n\t\t\t\tJoga w Parku Br\u00f3dnowskim\n\t\t\t\t<\/dd><\/dl><dl class='gallery-item'>\n\t\t\t<dt class='gallery-icon portrait'>\n\t\t\t\t<a href='https:\/\/targowekwspodnicy.pl\/wp-content\/uploads\/2014\/08\/10442988_278401995678793_4977054753176531247_o11.jpg' title=\"\" data-rl_title=\"\" class=\"rl-gallery-link\" data-rl_caption=\"\" data-rel=\"lightbox-gallery-1\"><img width=\"150\" height=\"150\" src=\"https:\/\/targowekwspodnicy.pl\/wp-content\/uploads\/2014\/08\/10442988_278401995678793_4977054753176531247_o11-150x150.jpg\" class=\"attachment-thumbnail size-thumbnail\" alt=\"\" decoding=\"async\" aria-describedby=\"gallery-1-646\" \/><\/a>\n\t\t\t<\/dt>\n\t\t\t\t<dd class='wp-caption-text gallery-caption' id='gallery-1-646'>\n\t\t\t\tJoga w Parku Br\u00f3dnowskim\n\t\t\t\t<\/dd><\/dl><dl class='gallery-item'>\n\t\t\t<dt class='gallery-icon landscape'>\n\t\t\t\t<a href='https:\/\/targowekwspodnicy.pl\/wp-content\/uploads\/2014\/08\/10443487_275521529300173_3487431951093964150_n11.jpg' title=\"\" data-rl_title=\"\" class=\"rl-gallery-link\" data-rl_caption=\"\" data-rel=\"lightbox-gallery-1\"><img width=\"150\" height=\"150\" src=\"https:\/\/targowekwspodnicy.pl\/wp-content\/uploads\/2014\/08\/10443487_275521529300173_3487431951093964150_n11-150x150.jpg\" class=\"attachment-thumbnail size-thumbnail\" alt=\"\" decoding=\"async\" aria-describedby=\"gallery-1-647\" \/><\/a>\n\t\t\t<\/dt>\n\t\t\t\t<dd class='wp-caption-text gallery-caption' id='gallery-1-647'>\n\t\t\t\tJoga w Parku Br\u00f3dnowskim\n\t\t\t\t<\/dd><\/dl><br style=\"clear: both\" \/><dl class='gallery-item'>\n\t\t\t<dt class='gallery-icon landscape'>\n\t\t\t\t<a href='https:\/\/targowekwspodnicy.pl\/wp-content\/uploads\/2014\/08\/10478678_272134726305520_1809430558661397607_n11.jpg' title=\"\" data-rl_title=\"\" class=\"rl-gallery-link\" data-rl_caption=\"\" data-rel=\"lightbox-gallery-1\"><img width=\"150\" height=\"150\" src=\"https:\/\/targowekwspodnicy.pl\/wp-content\/uploads\/2014\/08\/10478678_272134726305520_1809430558661397607_n11-150x150.jpg\" class=\"attachment-thumbnail size-thumbnail\" alt=\"\" decoding=\"async\" aria-describedby=\"gallery-1-648\" \/><\/a>\n\t\t\t<\/dt>\n\t\t\t\t<dd class='wp-caption-text gallery-caption' id='gallery-1-648'>\n\t\t\t\tJoga w Parku Br\u00f3dnowskim\n\t\t\t\t<\/dd><\/dl><dl class='gallery-item'>\n\t\t\t<dt class='gallery-icon portrait'>\n\t\t\t\t<a href='https:\/\/targowekwspodnicy.pl\/wp-content\/uploads\/2014\/08\/10483818_278402149012111_732846592556585574_o11.jpg' title=\"\" data-rl_title=\"\" class=\"rl-gallery-link\" data-rl_caption=\"\" data-rel=\"lightbox-gallery-1\"><img width=\"150\" height=\"150\" src=\"https:\/\/targowekwspodnicy.pl\/wp-content\/uploads\/2014\/08\/10483818_278402149012111_732846592556585574_o11-150x150.jpg\" class=\"attachment-thumbnail size-thumbnail\" alt=\"\" decoding=\"async\" aria-describedby=\"gallery-1-649\" \/><\/a>\n\t\t\t<\/dt>\n\t\t\t\t<dd class='wp-caption-text gallery-caption' id='gallery-1-649'>\n\t\t\t\tJoga w Parku Br\u00f3dnowskim\n\t\t\t\t<\/dd><\/dl><dl class='gallery-item'>\n\t\t\t<dt class='gallery-icon landscape'>\n\t\t\t\t<a href='https:\/\/targowekwspodnicy.pl\/wp-content\/uploads\/2014\/08\/10550887_277579355761057_8924559270102869609_n11.jpg' title=\"\" data-rl_title=\"\" class=\"rl-gallery-link\" data-rl_caption=\"\" data-rel=\"lightbox-gallery-1\"><img width=\"150\" height=\"150\" src=\"https:\/\/targowekwspodnicy.pl\/wp-content\/uploads\/2014\/08\/10550887_277579355761057_8924559270102869609_n11-150x150.jpg\" class=\"attachment-thumbnail size-thumbnail\" alt=\"\" decoding=\"async\" aria-describedby=\"gallery-1-650\" \/><\/a>\n\t\t\t<\/dt>\n\t\t\t\t<dd class='wp-caption-text gallery-caption' id='gallery-1-650'>\n\t\t\t\tJoga w Parku Br\u00f3dnowskim\n\t\t\t\t<\/dd><\/dl><dl class='gallery-item'>\n\t\t\t<dt class='gallery-icon landscape'>\n\t\t\t\t<a href='https:\/\/targowekwspodnicy.pl\/wp-content\/uploads\/2014\/08\/10570340_272134636305529_8271699744694663578_n11.jpg' title=\"\" data-rl_title=\"\" class=\"rl-gallery-link\" data-rl_caption=\"\" data-rel=\"lightbox-gallery-1\"><img width=\"150\" height=\"150\" src=\"https:\/\/targowekwspodnicy.pl\/wp-content\/uploads\/2014\/08\/10570340_272134636305529_8271699744694663578_n11-150x150.jpg\" class=\"attachment-thumbnail size-thumbnail\" alt=\"\" decoding=\"async\" aria-describedby=\"gallery-1-651\" \/><\/a>\n\t\t\t<\/dt>\n\t\t\t\t<dd class='wp-caption-text gallery-caption' id='gallery-1-651'>\n\t\t\t\tJoga w Parku Br\u00f3dnowskim\n\t\t\t\t<\/dd><\/dl><dl class='gallery-item'>\n\t\t\t<dt class='gallery-icon landscape'>\n\t\t\t\t<a href='https:\/\/targowekwspodnicy.pl\/wp-content\/uploads\/2014\/08\/10570366_275521459300180_7531645134837172414_n11.jpg' title=\"\" data-rl_title=\"\" class=\"rl-gallery-link\" data-rl_caption=\"\" data-rel=\"lightbox-gallery-1\"><img width=\"150\" height=\"150\" src=\"https:\/\/targowekwspodnicy.pl\/wp-content\/uploads\/2014\/08\/10570366_275521459300180_7531645134837172414_n11-150x150.jpg\" class=\"attachment-thumbnail size-thumbnail\" alt=\"\" decoding=\"async\" aria-describedby=\"gallery-1-652\" \/><\/a>\n\t\t\t<\/dt>\n\t\t\t\t<dd class='wp-caption-text gallery-caption' id='gallery-1-652'>\n\t\t\t\tJoga w Parku Br\u00f3dnowskim\n\t\t\t\t<\/dd><\/dl><br style=\"clear: both\" \/><dl class='gallery-item'>\n\t\t\t<dt class='gallery-icon portrait'>\n\t\t\t\t<a href='https:\/\/targowekwspodnicy.pl\/wp-content\/uploads\/2014\/08\/10574526_278402485678744_4950845935546677695_n11.jpg' title=\"\" data-rl_title=\"\" class=\"rl-gallery-link\" data-rl_caption=\"\" data-rel=\"lightbox-gallery-1\"><img width=\"150\" height=\"150\" src=\"https:\/\/targowekwspodnicy.pl\/wp-content\/uploads\/2014\/08\/10574526_278402485678744_4950845935546677695_n11-150x150.jpg\" class=\"attachment-thumbnail size-thumbnail\" alt=\"\" decoding=\"async\" aria-describedby=\"gallery-1-653\" \/><\/a>\n\t\t\t<\/dt>\n\t\t\t\t<dd class='wp-caption-text gallery-caption' id='gallery-1-653'>\n\t\t\t\tJoga w Parku Br\u00f3dnowskim\n\t\t\t\t<\/dd><\/dl><dl class='gallery-item'>\n\t\t\t<dt class='gallery-icon landscape'>\n\t\t\t\t<a href='https:\/\/targowekwspodnicy.pl\/wp-content\/uploads\/2014\/08\/10580056_284086808443645_5830326187539280497_n11.jpg' title=\"\" data-rl_title=\"\" class=\"rl-gallery-link\" data-rl_caption=\"\" data-rel=\"lightbox-gallery-1\"><img width=\"150\" height=\"150\" src=\"https:\/\/targowekwspodnicy.pl\/wp-content\/uploads\/2014\/08\/10580056_284086808443645_5830326187539280497_n11-150x150.jpg\" class=\"attachment-thumbnail size-thumbnail\" alt=\"\" decoding=\"async\" aria-describedby=\"gallery-1-654\" \/><\/a>\n\t\t\t<\/dt>\n\t\t\t\t<dd class='wp-caption-text gallery-caption' id='gallery-1-654'>\n\t\t\t\tJoga w Parku Br\u00f3dnowskim\n\t\t\t\t<\/dd><\/dl><dl class='gallery-item'>\n\t\t\t<dt class='gallery-icon landscape'>\n\t\t\t\t<a href='https:\/\/targowekwspodnicy.pl\/wp-content\/uploads\/2014\/08\/10610649_284086545110338_5832606130756537933_n11.jpg' title=\"\" data-rl_title=\"\" class=\"rl-gallery-link\" data-rl_caption=\"\" data-rel=\"lightbox-gallery-1\"><img width=\"150\" height=\"150\" src=\"https:\/\/targowekwspodnicy.pl\/wp-content\/uploads\/2014\/08\/10610649_284086545110338_5832606130756537933_n11-150x150.jpg\" class=\"attachment-thumbnail size-thumbnail\" alt=\"\" decoding=\"async\" aria-describedby=\"gallery-1-655\" \/><\/a>\n\t\t\t<\/dt>\n\t\t\t\t<dd class='wp-caption-text gallery-caption' id='gallery-1-655'>\n\t\t\t\tJoga w Parku Br\u00f3dnowskim\n\t\t\t\t<\/dd><\/dl>\n\t\t\t<br style='clear: both' \/>\n\t\t<\/div>\n\n<p>&nbsp;<\/p>\n<p>&nbsp;<\/p>\n<p>&nbsp;<\/p>\n<p>&nbsp;<\/p>\n","protected":false},"excerpt":{"rendered":"<p>Joga w Parku Br\u00f3dnowskim Fenomen jogi polega na tym, \u017ce ka\u017cdy bez wzgl\u0119du na wiek i kondycj\u0119 fizyczn\u0105 mo\u017ce j\u0105 praktykowa\u0107. Stowarzyszenie \u201eTarg\u00f3wek w sp\u00f3dnicy\u201d oraz Akademia Terapii Ruchem \u201eZacisze Jogi\u201d\u00a0 przez ca\u0142e wakacje zapraszaj\u0105 na bezp\u0142atne zaj\u0119cia jogi w ka\u017cd\u0105 sobot\u0119 o godz. 11:00 w Parku Br\u00f3dnowskim. Joga to jedna z najstarszych form \u0107wicze\u0144 [&hellip;]<\/p>\n","protected":false},"author":1,"featured_media":0,"parent":0,"menu_order":0,"comment_status":"closed","ping_status":"closed","template":"","meta":{"footnotes":""},"_links":{"self":[{"href":"https:\/\/targowekwspodnicy.pl\/index.php?rest_route=\/wp\/v2\/pages\/574"}],"collection":[{"href":"https:\/\/targowekwspodnicy.pl\/index.php?rest_route=\/wp\/v2\/pages"}],"about":[{"href":"https:\/\/targowekwspodnicy.pl\/index.php?rest_route=\/wp\/v2\/types\/page"}],"author":[{"embeddable":true,"href":"https:\/\/targowekwspodnicy.pl\/index.php?rest_route=\/wp\/v2\/users\/1"}],"replies":[{"embeddable":true,"href":"https:\/\/targowekwspodnicy.pl\/index.php?rest_route=%2Fwp%2Fv2%2Fcomments&post=574"}],"version-history":[{"count":0,"href":"https:\/\/targowekwspodnicy.pl\/index.php?rest_route=\/wp\/v2\/pages\/574\/revisions"}],"wp:attachment":[{"href":"https:\/\/targowekwspodnicy.pl\/index.php?rest_route=%2Fwp%2Fv2%2Fmedia&parent=574"}],"curies":[{"name":"wp","href":"https:\/\/api.w.org\/{rel}","templated":true}]}}